{"id":4159,"date":"2024-10-21T16:46:19","date_gmt":"2024-10-21T07:46:19","guid":{"rendered":"https:\/\/vietcafe-learning.com\/material\/?page_id=4159"},"modified":"2025-08-14T18:05:22","modified_gmt":"2025-08-14T09:05:22","slug":"kids","status":"publish","type":"page","link":"https:\/\/vietcafe-learning.com\/material\/kids\/","title":{"rendered":"\u30d9\u30c8\u30ca\u30e0\u8a9e \u5b50\u4f9b\u5411\u3051\u6559\u6750"},"content":{"rendered":"<p><img decoding=\"async\" class=\"wp-image-4162 aligncenter\" src=\"https:\/\/vietcafe-learning.com\/material\/wp-content\/uploads\/2024\/10\/22574653.png\" alt=\"\" width=\"543\" height=\"345\" srcset=\"https:\/\/vietcafe-learning.com\/material\/wp-content\/uploads\/2024\/10\/22574653.png 2842w, https:\/\/vietcafe-learning.com\/material\/wp-content\/uploads\/2024\/10\/22574653-300x191.png 300w, https:\/\/vietcafe-learning.com\/material\/wp-content\/uploads\/2024\/10\/22574653-1024x651.png 1024w, https:\/\/vietcafe-learning.com\/material\/wp-content\/uploads\/2024\/10\/22574653-768x488.png 768w, https:\/\/vietcafe-learning.com\/material\/wp-content\/uploads\/2024\/10\/22574653-1536x976.png 1536w, https:\/\/vietcafe-learning.com\/material\/wp-content\/uploads\/2024\/10\/22574653-2048x1301.png 2048w, https:\/\/vietcafe-learning.com\/material\/wp-content\/uploads\/2024\/10\/22574653-360x230.png 360w, https:\/\/vietcafe-learning.com\/material\/wp-content\/uploads\/2024\/10\/22574653-600x380.png 600w\" sizes=\"(max-width: 543px) 100vw, 543px\" \/><\/p>\n<table class=\"material_table\">\n<tbody>\n<tr>\n<th>\u6559\u6750<\/th>\n<th>\u30d9\u30c8\u30ca\u30e0\u8a9e\u306e\u5b50\u4f9b\u5411\u3051\u6559\u6750\u4e00\u89a7<\/th>\n<\/tr>\n<tr>\n<td>\u7b2c1\u8ab2<\/td>\n<td><a class=\"row-title\" href=\"\/material\/kids1\/\" aria-label=\"\u300c\u3010\u7b2c1\u8ab2\u3011\u30d9\u30c8\u30ca\u30e0\u8a9e\u306e\u6587\u5b57\uff08a~g\uff09\u300d (\u7de8\u96c6)\">\u30d9\u30c8\u30ca\u30e0\u8a9e\u306e\u6587\u5b57\uff08a~g\uff09<\/a><\/td>\n<\/tr>\n<tr>\n<td>\u7b2c2\u8ab2<\/td>\n<td><a class=\"row-title\" href=\"\/material\/kids2\/\" aria-label=\"\u300c\u3010\u7b2c2\u8ab2\u3011\u30d9\u30c8\u30ca\u30e0\u8a9e\u306e\u6587\u5b57\uff08h~\u01a1\uff09\u300d (\u7de8\u96c6)\">\u30d9\u30c8\u30ca\u30e0\u8a9e\u306e\u6587\u5b57\uff08h~\u01a1\uff09<\/a><\/td>\n<\/tr>\n<tr>\n<td>\u7b2c3\u8ab2<\/td>\n<td><a class=\"row-title\" href=\"\/material\/kids3\/\" aria-label=\"\u300c\u3010\u7b2c3\u8ab2\u3011\u30d9\u30c8\u30ca\u30e0\u8a9e\u306e\u6587\u5b57\uff08p~y\uff09\u300d (\u7de8\u96c6)\">\u30d9\u30c8\u30ca\u30e0\u8a9e\u306e\u6587\u5b57\uff08p~y\uff09<\/a><\/td>\n<\/tr>\n<tr>\n<td>\u7b2c4\u8ab2<\/td>\n<td><a class=\"row-title\" href=\"\/material\/kids4\/\" aria-label=\"\u300c\u3010\u7b2c4\u8ab2\u3011\u30d9\u30c8\u30ca\u30e0\u8a9e\u306e\u6587\u5b57\uff08\u4e8c\u91cd\u4ee5\u4e0a\u306e\u5b50\u97f3\uff09\u300d (\u7de8\u96c6)\">\u30d9\u30c8\u30ca\u30e0\u8a9e\u306e\u6587\u5b57\uff08\u4e8c\u91cd\u4ee5\u4e0a\u306e\u5b50\u97f3\uff09<\/a><\/td>\n<\/tr>\n<tr>\n<td>\u7b2c5\u8ab2<\/td>\n<td><a class=\"row-title\" href=\"\/material\/kids5\/\" aria-label=\"\u300c\u3010\u7b2c5\u8ab2\u3011\u304a\u540d\u524d\u306f\u4f55\u3067\u3059\u304b\uff1f\u30fb B\u1ea1n t\u00ean l\u00e0 g\u00ec?\u300d (\u7de8\u96c6)\">\u304a\u540d\u524d\u306f\u4f55\u3067\u3059\u304b\uff1f<\/a><\/td>\n<\/tr>\n<tr>\n<td>\u7b2c6\u8ab2<\/td>\n<td><a class=\"row-title\" href=\"\/material\/kids6\/\" aria-label=\"\u300c\u3010\u7b2c6\u8ab2\u3011\u5143\u6c17\u3067\u3059\u304b?\u30fbB\u1ea1n c\u00f3 kh\u1ecfe kh\u00f4ng?\u300d (\u7de8\u96c6)\">\u5143\u6c17\u3067\u3059\u304b\uff1f<\/a><\/td>\n<\/tr>\n<tr>\n<td>\u7b2c7\u8ab2<\/td>\n<td><a class=\"row-title\" href=\"\/material\/kids7\/\" aria-label=\"\u300c\u3010\u7b2c7\u8ab2\u3011\u6570\u5b57\u3068\u6570\u3048\u65b9\u30fbS\u1ed1 v\u00e0 c\u00e1ch \u0111\u1ebfm s\u1ed1\u300d (\u7de8\u96c6)\">\u6570\u5b57\u3068\u6570\u3048\u65b9<\/a><\/td>\n<\/tr>\n<tr>\n<td>\u7b2c8\u8ab2<\/td>\n<td><a class=\"row-title\" href=\"\/material\/kids8\/\" aria-label=\"\u300c\u3010\u7b2c8\u8ab2\u3011\u4f55\u6b73\u3067\u3059\u304b\uff1f\u30fbH\u1ecfi tu\u1ed5i\u300d (\u7de8\u96c6)\">\u4f55\u6b73\u3067\u3059\u304b\uff1f<\/a><\/td>\n<\/tr>\n<tr>\n<td>\u7b2c9\u8ab2<\/td>\n<td><a class=\"row-title\" href=\"\/material\/kids9\/\" aria-label=\"\u300c\u3010\u7b2c9\u8ab2\u3011\u4f55\u6642\u3067\u3059\u304b\uff1f\u30fbM\u1ea5y gi\u1edd?\u300d (\u7de8\u96c6)\">\u4f55\u6642\u3067\u3059\u304b\uff1f<\/a><\/td>\n<\/tr>\n<tr>\n<td>\u7b2c10\u8ab2<\/td>\n<td><a class=\"row-title\" href=\"\/material\/kids10\/\" aria-label=\"\u300c\u3010\u7b2c10\u8ab2\u3011\u8272\u5f69\u30fbM\u00e0u s\u1eafc\u300d (\u7de8\u96c6)\">\u8272\u5f69<\/a><\/td>\n<\/tr>\n<tr>\n<td>\u7b2c11\u8ab2<\/td>\n<td><a class=\"row-title\" href=\"\/material\/kids11\/\" aria-label=\"\u300c\u3010\u7b2c10\u8ab2\u3011\u8272\u5f69\u30fbM\u00e0u s\u1eafc\u300d (\u7de8\u96c6)\">\u7269\u306e\u5f62<\/a><\/td>\n<\/tr>\n<tr>\n<td>\u7b2c12\u8ab2<\/td>\n<td><a class=\"row-title\" href=\"\/material\/kids12\/\" aria-label=\"\u300c\u3010\u7b2c10\u8ab2\u3011\u8272\u5f69\u30fbM\u00e0u s\u1eafc\u300d (\u7de8\u96c6)\">\u5bb6\u65cf\u7d39\u4ecb<\/a><\/td>\n<\/tr>\n<tr>\n<td>\u7b2c13\u8ab2<\/td>\n<td><a class=\"row-title\" href=\"\/material\/kids13\/\" aria-label=\"\u300c\u3010\u7b2c10\u8ab2\u3011\u8272\u5f69\u30fbM\u00e0u s\u1eafc\u300d (\u7de8\u96c6)\">\u30da\u30c3\u30c8<\/a><\/td>\n<\/tr>\n<tr>\n<td>\u7b2c14\u8ab2<\/td>\n<td><a class=\"row-title\" href=\"\/material\/kids14\/\" aria-label=\"\u300c\u3010\u7b2c10\u8ab2\u3011\u8272\u5f69\u30fbM\u00e0u s\u1eafc\u300d (\u7de8\u96c6)\">\u8fb2\u5834\u3067\u306e\u52d5\u7269<\/a><\/td>\n<\/tr>\n<tr>\n<td>\u7b2c15\u8ab2<\/td>\n<td><a class=\"row-title\" href=\"\/material\/kids15\/\" aria-label=\"\u300c\u3010\u7b2c10\u8ab2\u3011\u8272\u5f69\u30fbM\u00e0u s\u1eafc\u300d (\u7de8\u96c6)\">\u52d5\u7269\u306e\u9cf4\u304d\u58f0<\/a><\/td>\n<\/tr>\n<tr>\n<td>\u7b2c16\u8ab2<\/td>\n<td><a class=\"row-title\" href=\"\/material\/kids16\/\" aria-label=\"\u300c\u3010\u7b2c10\u8ab2\u3011\u8272\u5f69\u30fbM\u00e0u s\u1eafc\u300d (\u7de8\u96c6)\">\u91ce\u751f\u306e\u52d5\u7269\uff08\u305d\u306e\uff11\uff09<\/a><\/td>\n<\/tr>\n<tr>\n<td>\u7b2c17\u8ab2<\/td>\n<td><a class=\"row-title\" href=\"\/material\/kids17\/\" aria-label=\"\u300c\u3010\u7b2c10\u8ab2\u3011\u8272\u5f69\u30fbM\u00e0u s\u1eafc\u300d (\u7de8\u96c6)\">\u91ce\u751f\u306e\u52d5\u7269\uff08\u305d\u306e\uff12\uff09<\/a><\/td>\n<\/tr>\n<tr>\n<td>\u7b2c18\u8ab2<\/td>\n<td><a class=\"row-title\" href=\"\/material\/kids18\/\" aria-label=\"\u300c\u3010\u7b2c10\u8ab2\u3011\u8272\u5f69\u30fbM\u00e0u s\u1eafc\u300d (\u7de8\u96c6)\">\u6606\u866b<\/a><\/td>\n<\/tr>\n<tr>\n<td>\u7b2c19\u8ab2<\/td>\n<td><a class=\"row-title\" href=\"\/material\/kids19\/\" aria-label=\"\u300c\u3010\u7b2c10\u8ab2\u3011\u8272\u5f69\u30fbM\u00e0u s\u1eafc\u300d (\u7de8\u96c6)\">\u4eba\u306e\u4f53<\/a><\/td>\n<\/tr>\n<tr>\n<td>\u7b2c20\u8ab2<\/td>\n<td><a class=\"row-title\" href=\"\/material\/kids20\/\" aria-label=\"\u300c\u3010\u7b2c10\u8ab2\u3011\u8272\u5f69\u30fbM\u00e0u s\u1eafc\u300d (\u7de8\u96c6)\">\u9854\u306e\u90e8\u4f4d<\/a><\/td>\n<\/tr>\n<tr>\n<td>\u7b2c21\u8ab2<\/td>\n<td><a href=\"\/material\/kids21\/\">\u6328\u62f6\u306e\u8a00\u8449<\/a><\/td>\n<\/tr>\n<tr>\n<td>\u7b2c22\u8ab2<\/td>\n<td><a href=\"\/material\/kids22\/\">\u624b\u8db3\u306e\u52d5\u304d<\/a><\/td>\n<\/tr>\n<tr>\n<td>\u7b2c23\u8ab2<\/td>\n<td><a href=\"\/material\/kids23\/\">\u66dc\u65e5<\/a><\/td>\n<\/tr>\n<tr>\n<td>\u7b2c24\u8ab2<\/td>\n<td><a class=\"row-title\" href=\"\/material\/kids24\/\" aria-label=\"\u300c\u3010\u7b2c24\u8ab2\u3011\u5929\u6c17\u30fbTh\u1eddi ti\u1ebft\u300d (\u7de8\u96c6)\">\u5929\u6c17<\/a><\/td>\n<\/tr>\n<tr>\n<td>\u7b2c25\u8ab2<\/td>\n<td><a href=\"\/material\/kids25\/\">\u5f62\u3068\u6c17\u6301\u3061\u3092\u8868\u3059\u8a00\u8449<\/a><\/td>\n<\/tr>\n<tr>\n<td>\u7b2c26\u8ab2<\/td>\n<td><a href=\"\/material\/kids26\/\">\u4f55\u6708\u4f55\u65e5<\/a><\/td>\n<\/tr>\n<tr>\n<td>\u7b2c27\u8ab2<\/td>\n<td><a href=\"\/material\/kids27\/\">\u679c\u7269\u3068\u5473<\/a><\/td>\n<\/tr>\n<tr>\n<td>\u7b2c28\u8ab2<\/td>\n<td><a href=\"\/material\/kids28\/\">\u3088\u304f\u4f7f\u3046\u52d5\u8a5e<\/a><\/td>\n<\/tr>\n<tr>\n<td>\u7b2c29\u8ab2<\/td>\n<td><a href=\"\/material\/kids29\/\">\u98df\u5353\u306e\u9053\u5177\u3068\u95a2\u9023\u3059\u308b\u52d5\u8a5e<\/a><\/td>\n<\/tr>\n<tr>\n<td>\u7b2c30\u8ab2<\/td>\n<td><a href=\"\/material\/kids30\/\">\u30b9\u30dd\u30fc\u30c4\u3068\u95a2\u9023\u3059\u308b\u5358\u8a9e<\/a><\/td>\n<\/tr>\n<tr>\n<td>\u7b2c31\u8ab2<\/td>\n<td><a href=\"\/material\/kids31\/\">\u30b9\u30dd\u30fc\u30c4\u3068\u95a2\u9023\u3059\u308b\u5358\u8a9e\uff08\u305d\u306e\uff12\uff09<\/a><a class=\"row-title\" href=\"\/material\/kids23\/\" aria-label=\"\u300c\u3010\u7b2c10\u8ab2\u3011\u8272\u5f69\u30fbM\u00e0u s\u1eafc\u300d (\u7de8\u96c6)\"><img decoding=\"async\" src=\"https:\/\/vietcafe-learning.com\/material\/\/wp-content\/uploads\/2020\/08\/NEW%E3%81%AE%E3%82%A2%E3%82%A4%E3%82%B3%E3%83%B3%E3%80%801.png\" \/><\/a><\/td>\n<\/tr>\n<\/tbody>\n<\/table>\n\n<!-- Quick Adsense WordPress Plugin: http:\/\/quickadsense.com\/ -->\n<div class=\"225e1f455cb80acf7211d85defd27940\" data-index=\"1\" style=\"float: none; margin:10px 0 10px 0; text-align:center;\">\n<script async src=\"https:\/\/pagead2.googlesyndication.com\/pagead\/js\/adsbygoogle.js\"><\/script>\r\n<!-- VIETCAFE\u5e83\u544a2 -->\r\n<ins class=\"adsbygoogle\"\r\n     style=\"display:block\"\r\n     data-ad-client=\"ca-pub-4987689956940779\"\r\n     data-ad-slot=\"2300495280\"\r\n     data-ad-format=\"auto\"\r\n     data-full-width-responsive=\"true\"><\/ins>\r\n<script>\r\n     (adsbygoogle = window.adsbygoogle || []).push({});\r\n<\/script>\n<\/div>\n\n<div style=\"font-size: 0px; height: 0px; line-height: 0px; margin: 0; padding: 0; clear: both;\"><\/div>","protected":false},"excerpt":{"rendered":"<p>\u6559\u6750 \u30d9\u30c8\u30ca\u30e0\u8a9e\u306e\u5b50\u4f9b\u5411\u3051\u6559\u6750\u4e00\u89a7 \u7b2c1\u8ab2 \u30d9\u30c8\u30ca\u30e0\u8a9e\u306e\u6587\u5b57&#8230;<\/p>\n","protected":false},"author":1,"featured_media":0,"parent":0,"menu_order":0,"comment_status":"closed","ping_status":"closed","template":"","meta":[],"_links":{"self":[{"href":"https:\/\/vietcafe-learning.com\/material\/wp-json\/wp\/v2\/pages\/4159"}],"collection":[{"href":"https:\/\/vietcafe-learning.com\/material\/wp-json\/wp\/v2\/pages"}],"about":[{"href":"https:\/\/vietcafe-learning.com\/material\/wp-json\/wp\/v2\/types\/page"}],"author":[{"embeddable":true,"href":"https:\/\/vietcafe-learning.com\/material\/wp-json\/wp\/v2\/users\/1"}],"replies":[{"embeddable":true,"href":"https:\/\/vietcafe-learning.com\/material\/wp-json\/wp\/v2\/comments?post=4159"}],"version-history":[{"count":14,"href":"https:\/\/vietcafe-learning.com\/material\/wp-json\/wp\/v2\/pages\/4159\/revisions"}],"predecessor-version":[{"id":5248,"href":"https:\/\/vietcafe-learning.com\/material\/wp-json\/wp\/v2\/pages\/4159\/revisions\/5248"}],"wp:attachment":[{"href":"https:\/\/vietcafe-learning.com\/material\/wp-json\/wp\/v2\/media?parent=4159"}],"curies":[{"name":"wp","href":"https:\/\/api.w.org\/{rel}","templated":true}]}}